{"id":28580,"date":"2026-03-11T18:11:34","date_gmt":"2026-03-11T16:11:34","guid":{"rendered":"https:\/\/blendedleading.com\/projekt-blended-leading\/"},"modified":"2026-05-11T12:26:33","modified_gmt":"2026-05-11T09:26:33","slug":"projekt-blended-leading","status":"publish","type":"page","link":"https:\/\/blendedleading.com\/de\/projekt-blended-leading\/","title":{"rendered":"Projekt Blended Leading"},"content":{"rendered":"\t\t<div data-elementor-type=\"wp-page\" data-elementor-id=\"28580\" class=\"elementor elementor-28580 elementor-26250\" data-elementor-post-type=\"page\">\n\t\t\t\t<div class=\"elementor-element elementor-element-e79b653 e-flex e-con-boxed e-con e-parent\" data-id=\"e79b653\" data-element_type=\"container\" data-settings=\"{&quot;background_background&quot;:&quot;classic&quot;,&quot;ekit_has_onepagescroll_dot&quot;:&quot;yes&quot;}\">\n\t\t\t\t\t<div class=\"e-con-inner\">\n\t\t\t\t<div class=\"elementor-element elementor-element-c3604c5 animated-fast elementor-widget__width-initial elementor-invisible elementor-widget elementor-widget-elementskit-heading\" data-id=\"c3604c5\" data-element_type=\"widget\" data-settings=\"{&quot;_animation&quot;:&quot;fadeIn&quot;,&quot;_animation_delay&quot;:100}\" data-widget_type=\"elementskit-heading.default\">\n\t\t\t\t\t<div class=\"ekit-wid-con\" ><div class=\"ekit-heading elementskit-section-title-wraper text_center   ekit_heading_tablet-text_center   ekit_heading_mobile-\"><h1 class=\"ekit-heading--title elementskit-section-title text_fill\"><span>Projekt<\/span> Blended Leading<\/h1><\/div><\/div>\t\t\t\t<\/div>\n\t\t\t\t<div class=\"elementor-element elementor-element-f0d7918 elementor-widget elementor-widget-image\" data-id=\"f0d7918\" data-element_type=\"widget\" data-widget_type=\"image.default\">\n\t\t\t\t\t\t\t\t\t\t\t\t\t\t\t<img decoding=\"async\" width=\"19\" height=\"2\" src=\"https:\/\/blendedleading.com\/wp-content\/uploads\/2026\/03\/banner-3Logos-ENG-1.svg\" class=\"attachment-full size-full wp-image-28524\" alt=\"\" \/>\t\t\t\t\t\t\t\t\t\t\t\t\t\t\t<\/div>\n\t\t\t\t\t<\/div>\n\t\t\t\t<\/div>\n\t\t<div class=\"elementor-element elementor-element-c8e7781 e-flex e-con-boxed e-con e-parent\" data-id=\"c8e7781\" data-element_type=\"container\" data-settings=\"{&quot;ekit_has_onepagescroll_dot&quot;:&quot;yes&quot;}\">\n\t\t\t\t\t<div class=\"e-con-inner\">\n\t\t\t\t<div class=\"elementor-element elementor-element-3bb8988 animated-fast elementor-invisible elementor-widget elementor-widget-elementskit-heading\" data-id=\"3bb8988\" data-element_type=\"widget\" data-settings=\"{&quot;_animation&quot;:&quot;fadeIn&quot;,&quot;_animation_delay&quot;:100}\" data-widget_type=\"elementskit-heading.default\">\n\t\t\t\t\t<div class=\"ekit-wid-con\" ><div class=\"ekit-heading elementskit-section-title-wraper text_left   ekit_heading_tablet-text_center   ekit_heading_mobile-\"><h3 class=\"elementskit-section-subtitle  \">\n\t\t\t\t\t\tProjekt \u201eEmbedded Blended Leadership Environment\u201c, finanziert durch die Next Generation EU \u00fcber den Aufbau- und Resilienzplan Nr. BG-RRP-2.006-0013-C01\n\t\t\t\t\t<\/h3>\t\t\t\t<div class='ekit-heading__description'>\n\t\t\t\t\t<p>Am 12. September 2023 unterzeichnete <strong>Lean Digital Solutions Ltd.<\/strong> eine Finanzhilfe-Vereinbarung Nr. <strong>BG-RRP-2.006-0013-C01<\/strong> f\u00fcr das Projekt <strong>\u201eEmbedded Blended Leadership Environment\u201c.<\/strong><\/p>\n<p>Der Zeitraum f\u00fcr die Projektumsetzung betr\u00e4gt <strong>24 Monate<\/strong>, bei einem <strong>Gesamtbudget von 6.626.141,80 BGN<\/strong>, und wird vom <strong>Ministerium f\u00fcr Innovation und Wachstum<\/strong> im Rahmen des <strong>Nationalen Aufbau- und Resilienzplans<\/strong> finanziert.<\/p>\n<p>Ziel des Projekts ist es, die Entwicklung von F\u00fchrungskr\u00e4ften durch die St\u00e4rkung ihrer Managementkompetenzen zu unterst\u00fctzen. <strong>Blended Leading<\/strong> hilft F\u00fchrungskr\u00e4ften dabei, die Informationen, die sie aus Schulungsprogrammen und verschiedenen Tools f\u00fcr das Personalmanagement gewonnen haben, besser zu nutzen. Sie k\u00f6nnen dieses Wissen effektiver in der Arbeit mit ihren Teams anwenden. <\/p>\n\t\t\t\t<\/div>\n\t\t\t<\/div><\/div>\t\t\t\t<\/div>\n\t\t\t\t\t<\/div>\n\t\t\t\t<\/div>\n\t\t<div class=\"elementor-element elementor-element-7984d1a e-flex e-con-boxed e-con e-parent\" data-id=\"7984d1a\" data-element_type=\"container\" data-settings=\"{&quot;background_background&quot;:&quot;gradient&quot;,&quot;ekit_has_onepagescroll_dot&quot;:&quot;yes&quot;}\">\n\t\t\t\t\t<div class=\"e-con-inner\">\n\t\t<div class=\"elementor-element elementor-element-291b523 e-con-full e-flex e-con e-child\" data-id=\"291b523\" data-element_type=\"container\" data-settings=\"{&quot;ekit_has_onepagescroll_dot&quot;:&quot;yes&quot;}\">\n\t\t<div class=\"elementor-element elementor-element-874fe64 e-con-full e-flex e-con e-child\" data-id=\"874fe64\" data-element_type=\"container\" data-settings=\"{&quot;background_background&quot;:&quot;classic&quot;,&quot;ekit_has_onepagescroll_dot&quot;:&quot;yes&quot;}\">\n\t\t<div class=\"elementor-element elementor-element-6862302 e-con-full e-flex e-con e-child\" data-id=\"6862302\" data-element_type=\"container\" data-settings=\"{&quot;background_background&quot;:&quot;classic&quot;,&quot;ekit_has_onepagescroll_dot&quot;:&quot;yes&quot;}\">\n\t\t\t\t<div class=\"elementor-element elementor-element-3f77334 animated-fast elementor-invisible elementor-widget elementor-widget-elementskit-heading\" data-id=\"3f77334\" data-element_type=\"widget\" data-settings=\"{&quot;_animation&quot;:&quot;fadeIn&quot;}\" data-widget_type=\"elementskit-heading.default\">\n\t\t\t\t\t<div class=\"ekit-wid-con\" ><div class=\"ekit-heading elementskit-section-title-wraper text_center   ekit_heading_tablet-text_center   ekit_heading_mobile-\"><h2 class=\"ekit-heading--title elementskit-section-title \">Werden Sie Blended Leading Partner<\/h2>\t\t\t\t<div class='ekit-heading__description'>\n\t\t\t\t\t<p>Lassen Sie uns gemeinsam erkunden, wie Blended Leading Ihnen helfen kann, die Wirkung Ihrer F\u00fchrung \u2013 und Ihr Unternehmen \u2013 zu skalieren.<\/p>\n\t\t\t\t<\/div>\n\t\t\t<\/div><\/div>\t\t\t\t<\/div>\n\t\t<div class=\"elementor-element elementor-element-2215cd6 e-con-full e-flex e-con e-child\" data-id=\"2215cd6\" data-element_type=\"container\" data-settings=\"{&quot;ekit_has_onepagescroll_dot&quot;:&quot;yes&quot;}\">\n\t\t\t\t<div class=\"elementor-element elementor-element-2d8582d elementor-align-left elementor-widget__width-auto animated-fast elementor-invisible elementor-widget elementor-widget-elementskit-button\" data-id=\"2d8582d\" data-element_type=\"widget\" data-settings=\"{&quot;_animation&quot;:&quot;pulse&quot;,&quot;_animation_delay&quot;:100}\" data-widget_type=\"elementskit-button.default\">\n\t\t\t\t\t<div class=\"ekit-wid-con\" >\t\t<div class=\"ekit-btn-wraper\">\n\t\t\t\t\t\t\t<a href=\"https:\/\/outlook.office.com\/book\/BlendedLeading1@leadag.onmicrosoft.com\/s\/wtYOxZyRgkuXtbCDoYSo-w2\" class=\"elementskit-btn  whitespace--normal\" id=\"\">\n\t\t\t\t\tPartner werden\t\t\t\t<\/a>\n\t\t\t\t\t<\/div>\n        <\/div>\t\t\t\t<\/div>\n\t\t\t\t<div class=\"elementor-element elementor-element-a304470 elementor-align-left elementor-widget__width-auto animated-fast elementor-hidden-desktop elementor-hidden-tablet elementor-hidden-mobile elementor-invisible elementor-widget elementor-widget-elementskit-button\" data-id=\"a304470\" data-element_type=\"widget\" data-settings=\"{&quot;_animation&quot;:&quot;pulse&quot;,&quot;_animation_delay&quot;:100}\" data-widget_type=\"elementskit-button.default\">\n\t\t\t\t\t<div class=\"ekit-wid-con\" >\t\t<div class=\"ekit-btn-wraper\">\n\t\t\t\t\t\t\t<a href=\"https:\/\/blended.nextgdev.work\/starting-a-pilot\/\" class=\"elementskit-btn  whitespace--normal\" id=\"\">\n\t\t\t\t\tPilotprojekt starten\t\t\t\t<\/a>\n\t\t\t\t\t<\/div>\n        <\/div>\t\t\t\t<\/div>\n\t\t\t\t<\/div>\n\t\t\t\t<\/div>\n\t\t\t\t<\/div>\n\t\t\t\t<\/div>\n\t\t\t\t\t<\/div>\n\t\t\t\t<\/div>\n\t\t\t\t<\/div>\n\t\t","protected":false},"excerpt":{"rendered":"<p>Projekt Blended Leading Projekt \u201eEmbedded Blended Leadership Environment\u201c, finanziert durch die Next Generation EU \u00fcber den Aufbau- und Resilienzplan Nr. BG-RRP-2.006-0013-C01 Am 12. September 2023 unterzeichnete Lean Digital Solutions Ltd. eine Finanzhilfe-Vereinbarung Nr. BG-RRP-2.006-0013-C01 f\u00fcr das Projekt \u201eEmbedded Blended Leadership Environment\u201c. Der Zeitraum f\u00fcr die Projektumsetzung betr\u00e4gt 24 Monate, bei einem Gesamtbudget von 6.626.141,80 BGN, [&hellip;]<\/p>\n","protected":false},"author":3,"featured_media":0,"parent":0,"menu_order":0,"comment_status":"closed","ping_status":"closed","template":"","meta":{"inline_featured_image":false,"footnotes":""},"class_list":["post-28580","page","type-page","status-publish","hentry"],"acf":[],"yoast_head":"<!-- This site is optimized with the Yoast SEO plugin v26.2 - https:\/\/yoast.com\/wordpress\/plugins\/seo\/ -->\n<title>Projekt Blended Leading - Blended Leading<\/title>\n<meta name=\"description\" content=\"Ziel des Projekts ist es, die Entwicklung von F\u00fchrungskr\u00e4ften durch die St\u00e4rkung ihrer Managementkompetenzen zu unterst\u00fctzen. Blended Leading hilft F\u00fchrungskr\u00e4ften dabei, die Informationen, die sie aus Schulungsprogrammen und verschiedenen Tools f\u00fcr das Personalmanagement gewonnen haben, besser zu nutzen. Sie k\u00f6nnen dieses Wissen effektiver in der Arbeit mit ihren Teams anwenden.\" \/>\n<meta name=\"robots\" content=\"index, follow, max-snippet:-1, max-image-preview:large, max-video-preview:-1\" \/>\n<link rel=\"canonical\" href=\"https:\/\/blendedleading.com\/de\/projekt-blended-leading\/\" \/>\n<meta property=\"og:locale\" content=\"de_DE\" \/>\n<meta property=\"og:type\" content=\"article\" \/>\n<meta property=\"og:title\" content=\"Projekt Blended Leading\" \/>\n<meta property=\"og:description\" content=\"Verfahren zur Auswahl eines Auftragnehmers durch eine \u00f6ffentliche Ausschreibung mit dem Gegenstand \u201eEntwicklung eines Gesch\u00e4ftsmodells und eines Rahmens f\u00fcr die rechtliche Dokumentation\u201c im Rahmen der Finanzhilfe-Vereinbarung BG-RRP-2.006-0013-C01\" \/>\n<meta property=\"og:url\" content=\"https:\/\/blendedleading.com\/de\/projekt-blended-leading\/\" \/>\n<meta property=\"og:site_name\" content=\"Blended Leading\" \/>\n<meta property=\"article:modified_time\" content=\"2026-05-11T09:26:33+00:00\" \/>\n<meta property=\"og:image\" content=\"https:\/\/blendedleading.com\/wp-content\/uploads\/2026\/02\/OG_AI-leadership-development-1024x539.jpg\" \/>\n<meta name=\"twitter:card\" content=\"summary_large_image\" \/>\n<meta name=\"twitter:label1\" content=\"Gesch\u00e4tzte Lesezeit\" \/>\n\t<meta name=\"twitter:data1\" content=\"1\u00a0Minute\" \/>\n<script type=\"application\/ld+json\" class=\"yoast-schema-graph\">{\"@context\":\"https:\/\/schema.org\",\"@graph\":[{\"@type\":\"WebPage\",\"@id\":\"https:\/\/blendedleading.com\/de\/projekt-blended-leading\/\",\"url\":\"https:\/\/blendedleading.com\/de\/projekt-blended-leading\/\",\"name\":\"Projekt Blended Leading - Blended Leading\",\"isPartOf\":{\"@id\":\"https:\/\/blendedleading.com\/de\/#website\"},\"primaryImageOfPage\":{\"@id\":\"https:\/\/blendedleading.com\/de\/projekt-blended-leading\/#primaryimage\"},\"image\":{\"@id\":\"https:\/\/blendedleading.com\/de\/projekt-blended-leading\/#primaryimage\"},\"thumbnailUrl\":\"https:\/\/blendedleading.com\/wp-content\/uploads\/2026\/03\/banner-3Logos-ENG-1.svg\",\"datePublished\":\"2026-03-11T16:11:34+00:00\",\"dateModified\":\"2026-05-11T09:26:33+00:00\",\"description\":\"Ziel des Projekts ist es, die Entwicklung von F\u00fchrungskr\u00e4ften durch die St\u00e4rkung ihrer Managementkompetenzen zu unterst\u00fctzen. Blended Leading hilft F\u00fchrungskr\u00e4ften dabei, die Informationen, die sie aus Schulungsprogrammen und verschiedenen Tools f\u00fcr das Personalmanagement gewonnen haben, besser zu nutzen. Sie k\u00f6nnen dieses Wissen effektiver in der Arbeit mit ihren Teams anwenden.\",\"breadcrumb\":{\"@id\":\"https:\/\/blendedleading.com\/de\/projekt-blended-leading\/#breadcrumb\"},\"inLanguage\":\"de\",\"potentialAction\":[{\"@type\":\"ReadAction\",\"target\":[\"https:\/\/blendedleading.com\/de\/projekt-blended-leading\/\"]}]},{\"@type\":\"ImageObject\",\"inLanguage\":\"de\",\"@id\":\"https:\/\/blendedleading.com\/de\/projekt-blended-leading\/#primaryimage\",\"url\":\"https:\/\/blendedleading.com\/wp-content\/uploads\/2026\/03\/banner-3Logos-ENG-1.svg\",\"contentUrl\":\"https:\/\/blendedleading.com\/wp-content\/uploads\/2026\/03\/banner-3Logos-ENG-1.svg\"},{\"@type\":\"BreadcrumbList\",\"@id\":\"https:\/\/blendedleading.com\/de\/projekt-blended-leading\/#breadcrumb\",\"itemListElement\":[{\"@type\":\"ListItem\",\"position\":1,\"name\":\"Home\",\"item\":\"https:\/\/blendedleading.com\/de\/ki-gestuetzte-personalisierte-impulse-fuer-entscheidungsstarke-fuehrung\/\"},{\"@type\":\"ListItem\",\"position\":2,\"name\":\"Projekt Blended Leading\"}]},{\"@type\":\"WebSite\",\"@id\":\"https:\/\/blendedleading.com\/de\/#website\",\"url\":\"https:\/\/blendedleading.com\/de\/\",\"name\":\"Blended Leading\",\"description\":\"\",\"publisher\":{\"@id\":\"https:\/\/blendedleading.com\/de\/#organization\"},\"potentialAction\":[{\"@type\":\"SearchAction\",\"target\":{\"@type\":\"EntryPoint\",\"urlTemplate\":\"https:\/\/blendedleading.com\/de\/?s={search_term_string}\"},\"query-input\":{\"@type\":\"PropertyValueSpecification\",\"valueRequired\":true,\"valueName\":\"search_term_string\"}}],\"inLanguage\":\"de\"},{\"@type\":\"Organization\",\"@id\":\"https:\/\/blendedleading.com\/de\/#organization\",\"name\":\"Blended Leading\",\"url\":\"https:\/\/blendedleading.com\/de\/\",\"logo\":{\"@type\":\"ImageObject\",\"inLanguage\":\"de\",\"@id\":\"https:\/\/blendedleading.com\/de\/#\/schema\/logo\/image\/\",\"url\":\"https:\/\/blendedleading.com\/wp-content\/uploads\/2023\/09\/logo-light.png\",\"contentUrl\":\"https:\/\/blendedleading.com\/wp-content\/uploads\/2023\/09\/logo-light.png\",\"width\":227,\"height\":65,\"caption\":\"Blended Leading\"},\"image\":{\"@id\":\"https:\/\/blendedleading.com\/de\/#\/schema\/logo\/image\/\"}}]}<\/script>\n<!-- \/ Yoast SEO plugin. -->","yoast_head_json":{"title":"Projekt Blended Leading - Blended Leading","description":"Ziel des Projekts ist es, die Entwicklung von F\u00fchrungskr\u00e4ften durch die St\u00e4rkung ihrer Managementkompetenzen zu unterst\u00fctzen. Blended Leading hilft F\u00fchrungskr\u00e4ften dabei, die Informationen, die sie aus Schulungsprogrammen und verschiedenen Tools f\u00fcr das Personalmanagement gewonnen haben, besser zu nutzen. Sie k\u00f6nnen dieses Wissen effektiver in der Arbeit mit ihren Teams anwenden.","robots":{"index":"index","follow":"follow","max-snippet":"max-snippet:-1","max-image-preview":"max-image-preview:large","max-video-preview":"max-video-preview:-1"},"canonical":"https:\/\/blendedleading.com\/de\/projekt-blended-leading\/","og_locale":"de_DE","og_type":"article","og_title":"Projekt Blended Leading","og_description":"Verfahren zur Auswahl eines Auftragnehmers durch eine \u00f6ffentliche Ausschreibung mit dem Gegenstand \u201eEntwicklung eines Gesch\u00e4ftsmodells und eines Rahmens f\u00fcr die rechtliche Dokumentation\u201c im Rahmen der Finanzhilfe-Vereinbarung BG-RRP-2.006-0013-C01","og_url":"https:\/\/blendedleading.com\/de\/projekt-blended-leading\/","og_site_name":"Blended Leading","article_modified_time":"2026-05-11T09:26:33+00:00","og_image":[{"url":"https:\/\/blendedleading.com\/wp-content\/uploads\/2026\/02\/OG_AI-leadership-development-1024x539.jpg","type":"","width":"","height":""}],"twitter_card":"summary_large_image","twitter_misc":{"Gesch\u00e4tzte Lesezeit":"1\u00a0Minute"},"schema":{"@context":"https:\/\/schema.org","@graph":[{"@type":"WebPage","@id":"https:\/\/blendedleading.com\/de\/projekt-blended-leading\/","url":"https:\/\/blendedleading.com\/de\/projekt-blended-leading\/","name":"Projekt Blended Leading - Blended Leading","isPartOf":{"@id":"https:\/\/blendedleading.com\/de\/#website"},"primaryImageOfPage":{"@id":"https:\/\/blendedleading.com\/de\/projekt-blended-leading\/#primaryimage"},"image":{"@id":"https:\/\/blendedleading.com\/de\/projekt-blended-leading\/#primaryimage"},"thumbnailUrl":"https:\/\/blendedleading.com\/wp-content\/uploads\/2026\/03\/banner-3Logos-ENG-1.svg","datePublished":"2026-03-11T16:11:34+00:00","dateModified":"2026-05-11T09:26:33+00:00","description":"Ziel des Projekts ist es, die Entwicklung von F\u00fchrungskr\u00e4ften durch die St\u00e4rkung ihrer Managementkompetenzen zu unterst\u00fctzen. Blended Leading hilft F\u00fchrungskr\u00e4ften dabei, die Informationen, die sie aus Schulungsprogrammen und verschiedenen Tools f\u00fcr das Personalmanagement gewonnen haben, besser zu nutzen. Sie k\u00f6nnen dieses Wissen effektiver in der Arbeit mit ihren Teams anwenden.","breadcrumb":{"@id":"https:\/\/blendedleading.com\/de\/projekt-blended-leading\/#breadcrumb"},"inLanguage":"de","potentialAction":[{"@type":"ReadAction","target":["https:\/\/blendedleading.com\/de\/projekt-blended-leading\/"]}]},{"@type":"ImageObject","inLanguage":"de","@id":"https:\/\/blendedleading.com\/de\/projekt-blended-leading\/#primaryimage","url":"https:\/\/blendedleading.com\/wp-content\/uploads\/2026\/03\/banner-3Logos-ENG-1.svg","contentUrl":"https:\/\/blendedleading.com\/wp-content\/uploads\/2026\/03\/banner-3Logos-ENG-1.svg"},{"@type":"BreadcrumbList","@id":"https:\/\/blendedleading.com\/de\/projekt-blended-leading\/#breadcrumb","itemListElement":[{"@type":"ListItem","position":1,"name":"Home","item":"https:\/\/blendedleading.com\/de\/ki-gestuetzte-personalisierte-impulse-fuer-entscheidungsstarke-fuehrung\/"},{"@type":"ListItem","position":2,"name":"Projekt Blended Leading"}]},{"@type":"WebSite","@id":"https:\/\/blendedleading.com\/de\/#website","url":"https:\/\/blendedleading.com\/de\/","name":"Blended Leading","description":"","publisher":{"@id":"https:\/\/blendedleading.com\/de\/#organization"},"potentialAction":[{"@type":"SearchAction","target":{"@type":"EntryPoint","urlTemplate":"https:\/\/blendedleading.com\/de\/?s={search_term_string}"},"query-input":{"@type":"PropertyValueSpecification","valueRequired":true,"valueName":"search_term_string"}}],"inLanguage":"de"},{"@type":"Organization","@id":"https:\/\/blendedleading.com\/de\/#organization","name":"Blended Leading","url":"https:\/\/blendedleading.com\/de\/","logo":{"@type":"ImageObject","inLanguage":"de","@id":"https:\/\/blendedleading.com\/de\/#\/schema\/logo\/image\/","url":"https:\/\/blendedleading.com\/wp-content\/uploads\/2023\/09\/logo-light.png","contentUrl":"https:\/\/blendedleading.com\/wp-content\/uploads\/2023\/09\/logo-light.png","width":227,"height":65,"caption":"Blended Leading"},"image":{"@id":"https:\/\/blendedleading.com\/de\/#\/schema\/logo\/image\/"}}]}},"_links":{"self":[{"href":"https:\/\/blendedleading.com\/de\/wp-json\/wp\/v2\/pages\/28580","targetHints":{"allow":["GET"]}}],"collection":[{"href":"https:\/\/blendedleading.com\/de\/wp-json\/wp\/v2\/pages"}],"about":[{"href":"https:\/\/blendedleading.com\/de\/wp-json\/wp\/v2\/types\/page"}],"author":[{"embeddable":true,"href":"https:\/\/blendedleading.com\/de\/wp-json\/wp\/v2\/users\/3"}],"replies":[{"embeddable":true,"href":"https:\/\/blendedleading.com\/de\/wp-json\/wp\/v2\/comments?post=28580"}],"version-history":[{"count":1,"href":"https:\/\/blendedleading.com\/de\/wp-json\/wp\/v2\/pages\/28580\/revisions"}],"predecessor-version":[{"id":28581,"href":"https:\/\/blendedleading.com\/de\/wp-json\/wp\/v2\/pages\/28580\/revisions\/28581"}],"wp:attachment":[{"href":"https:\/\/blendedleading.com\/de\/wp-json\/wp\/v2\/media?parent=28580"}],"curies":[{"name":"wp","href":"https:\/\/api.w.org\/{rel}","templated":true}]}}